{"id":800,"date":"2019-08-14T14:56:23","date_gmt":"2019-08-14T13:56:23","guid":{"rendered":"http:\/\/www.aqfmedical.com\/fr\/?page_id=800"},"modified":"2020-03-11T15:47:35","modified_gmt":"2020-03-11T15:47:35","slug":"modalites","status":"publish","type":"page","link":"https:\/\/www.aqfmedical.com\/fr\/modalites\/","title":{"rendered":"Modalit\u00e9s"},"content":{"rendered":"\t\t<div data-elementor-type=\"wp-page\" data-elementor-id=\"800\" class=\"elementor elementor-800\">\n\t\t\t\t\t\t<div class=\"elementor-inner\">\n\t\t\t\t<div class=\"elementor-section-wrap\">\n\t\t\t\t\t\t\t\t\t<section class=\"elementor-section elementor-top-section elementor-element elementor-element-76ea8641 elementor-section-boxed elementor-section-height-default elementor-section-height-default\" data-id=\"76ea8641\" data-element_type=\"section\">\n\t\t\t\t\t\t<div class=\"elementor-container elementor-column-gap-default\">\n\t\t\t\t\t\t\t<div class=\"elementor-row\">\n\t\t\t\t\t<div class=\"elementor-column elementor-col-100 elementor-top-column elementor-element elementor-element-46c4dfab\" data-id=\"46c4dfab\" data-element_type=\"column\">\n\t\t\t<div class=\"elementor-column-wrap elementor-element-populated\">\n\t\t\t\t\t\t\t<div class=\"elementor-widget-wrap\">\n\t\t\t\t\t\t<div class=\"jupiter-tooltip-widget elementor-element elementor-element-50a1ef49 elementor-widget elementor-widget-text-editor\" data-jupiter-tooltip-settings=\"{&quot;tooltip&quot;:&quot;false&quot;,&quot;tooltipDescription&quot;:&quot;This is Tooltip!&quot;,&quot;tooltipPlacement&quot;:&quot;top&quot;,&quot;tooltipArrow&quot;:true,&quot;xOffset&quot;:0,&quot;yOffset&quot;:0,&quot;tooltipAnimation&quot;:&quot;fade&quot;,&quot;tooltipTrigger&quot;:&quot;mouseenter&quot;,&quot;zIndex&quot;:999,&quot;customSelector&quot;:&quot;&quot;,&quot;delay&quot;:0}\" data-id=\"50a1ef49\" data-element_type=\"widget\" data-widget_type=\"text-editor.default\">\n\t\t\t\t<div class=\"elementor-widget-container\">\n\t\t\t\t\t\t\t\t<div class=\"elementor-text-editor elementor-clearfix\">\n\t\t\t\t<p>Bienvenue sur notre site web. En continuant de naviguer et d\u2019utiliser ce site web, vous vous engagez \u00e0 respecter et \u00e0 \u00eatre li\u00e9 par les modalit\u00e9s d\u2019utilisation suivantes qui, conjointement \u00e0 notre politique de confidentialit\u00e9, r\u00e9gissent la relation entre AQF Medical et vous relativement au pr\u00e9sent site web. Si vous n\u2019acceptez pas tout ou partie des pr\u00e9sentes modalit\u00e9s, veuillez ne pas utiliser notre site.<br \/>Le terme \u2018AQF Medical\u2019 ou \u2018nous\u2019 d\u00e9signe le propri\u00e9taire du site web dont le si\u00e8ge social est sis \u00e0 Mullaghboy Industrial Estate, Navan, Irlande. Le terme \u2018vous\u2019 d\u00e9signe l\u2019utilisateur ou le visiteur de notre site web.<br \/>L\u2019utilisation du pr\u00e9sent site web est soumise aux modalit\u00e9s d\u2019utilisation qui suivent:<br \/>\u2022 Le contenu des pages du pr\u00e9sent site web est fourni uniquement \u00e0 titre d\u2019information et pour votre utilisation g\u00e9n\u00e9rale. Il est susceptible d\u2019\u00eatre modifi\u00e9 sans pr\u00e9avis.<br \/>\u2022 Le pr\u00e9sent site web utilise des cookies pour surveiller les pr\u00e9f\u00e9rences de navigation. Si vous permettez l\u2019utilisation de cookies, nous pourrons stocker, en vue de leur utilisation par des tiers, les donn\u00e9es personnelles suivantes vous concernant: nom, adresse e-mail, num\u00e9ro de t\u00e9l\u00e9phone, adresse postale.<br \/>\u2022 Ni nous ni les tiers concern\u00e9s n\u2019offrons aucune garantie quant \u00e0 l\u2019exactitude, l\u2019opportunit\u00e9, la performance, l\u2019exhaustivit\u00e9 ou la pertinence des informations et des mat\u00e9riels figurant ou propos\u00e9s sur ce site web pour quelque fin que ce soit.<br \/>\u2022 Vous reconnaissez que ces informations et mat\u00e9riels pourront contenir des inexactitudes ou des erreurs, et nous ne saurions \u00eatre tenus pour responsables desdites inexactitudes ou erreurs dans la pleine mesure permise par la loi.<br \/>\u2022 Votre utilisation de toute information ou de tout mat\u00e9riel figurant sur ce site web se fera enti\u00e8rement \u00e0 vos risques et p\u00e9rils, et nous ne saurions \u00eatre tenus pour responsables de cela. Il vous incombera de vous assurer que tous les produits, services ou informations disponibles par l\u2019interm\u00e9diaire de ce site web r\u00e9pondent \u00e0 vos exigences sp\u00e9cifiques.<br \/>\u2022 Le pr\u00e9sent site web contient des mat\u00e9riels qui nous appartiennent ou qui nous sont conc\u00e9d\u00e9s sous licence. Ces mat\u00e9riels comprennent, sans que cela soit limitatif, la conception, la mise en page, le style, l\u2019apparence et les graphismes. Toute reproduction est interdite, sauf conform\u00e9ment avec l\u2019avis de droit d\u2019auteur qui fait partie int\u00e9grante des pr\u00e9sentes modalit\u00e9s d\u2019utilisation.<br \/>\u2022 Toutes les marques commerciales reproduites sur le pr\u00e9sent site web qui n\u2019appartiennent pas \u00e0 l\u2019exploitant ou qui ne sont pas conc\u00e9d\u00e9es sous licence \u00e0 celui-ci sont reconnues sur le site web.<br \/>\u2022 L\u2019utilisation non autoris\u00e9e du pr\u00e9sent site web pourra donner lieu \u00e0 une action en dommages et int\u00e9r\u00eats et\/ou constituer une infraction p\u00e9nale.<br \/>\u2022 De temps \u00e0 autre, le pr\u00e9sent site web pourra inclure des liens vers d\u2019autres sites web. Ces liens sont mis \u00e0 votre disposition pour vous fournir des informations compl\u00e9mentaires. Ils ne signifient pas que nous cautionnons le ou les sites web. Nous ne sommes pas responsables du contenu du ou des sites web reli\u00e9s.<br \/>\u2022 Votre utilisation du pr\u00e9sent site web ainsi que tout litige d\u00e9coulant de cette utilisation seront r\u00e9gis par les lois d\u2019Angleterre, d\u2019Irlande du Nord, d\u2019Ecosse et du pays de Galles.<\/p>\t\t\t\t\t<\/div>\n\t\t\t\t\t\t<\/div>\n\t\t\t\t<\/div>\n\t\t\t\t\t\t<\/div>\n\t\t\t\t\t<\/div>\n\t\t<\/div>\n\t\t\t\t\t\t\t\t<\/div>\n\t\t\t\t\t<\/div>\n\t\t<\/section>\n\t\t\t\t\t\t\t\t\t<\/div>\n\t\t\t<\/div>\n\t\t\t\t\t<\/div>\n\t\t","protected":false},"excerpt":{"rendered":"<p>Bienvenue sur notre site web. En continuant de naviguer et d\u2019utiliser ce site web, vous vous engagez \u00e0 respecter et \u00e0 \u00eatre li\u00e9 par les modalit\u00e9s d\u2019utilisation suivantes qui, conjointement \u00e0 notre politique de confidentialit\u00e9, r\u00e9gissent la relation entre AQF Medical et vous relativement au pr\u00e9sent site web. Si vous n\u2019acceptez pas tout ou partie [&hellip;]<\/p>\n","protected":false},"author":1,"featured_media":0,"parent":0,"menu_order":0,"comment_status":"closed","ping_status":"closed","template":"","meta":[],"acf":[],"yoast_head":"<!-- This site is optimized with the Yoast SEO plugin v19.9 - https:\/\/yoast.com\/wordpress\/plugins\/seo\/ -->\n<title>Modalit\u00e9s - AQF Medical France<\/title>\n<meta name=\"description\" content=\"L&#039;utilisation de ce site web est soumise \u00e0 nos modalit\u00e9s, que vous pouvez consulter ici.\" \/>\n<meta name=\"robots\" content=\"index, follow, max-snippet:-1, max-image-preview:large, max-video-preview:-1\" \/>\n<link rel=\"canonical\" href=\"https:\/\/www.aqfmedical.com\/fr\/modalites\/\" \/>\n<meta property=\"og:locale\" content=\"en_US\" \/>\n<meta property=\"og:type\" content=\"article\" \/>\n<meta property=\"og:title\" content=\"Modalit\u00e9s - AQF Medical France\" \/>\n<meta property=\"og:description\" content=\"L&#039;utilisation de ce site web est soumise \u00e0 nos modalit\u00e9s, que vous pouvez consulter ici.\" \/>\n<meta property=\"og:url\" content=\"https:\/\/www.aqfmedical.com\/fr\/modalites\/\" \/>\n<meta property=\"og:site_name\" content=\"AQF Medical France\" \/>\n<meta property=\"article:modified_time\" content=\"2020-03-11T15:47:35+00:00\" \/>\n<meta name=\"twitter:card\" content=\"summary_large_image\" \/>\n<meta name=\"twitter:label1\" content=\"Est. reading time\" \/>\n\t<meta name=\"twitter:data1\" content=\"3 minutes\" \/>\n<script type=\"application\/ld+json\" class=\"yoast-schema-graph\">{\"@context\":\"https:\/\/schema.org\",\"@graph\":[{\"@type\":\"WebPage\",\"@id\":\"https:\/\/www.aqfmedical.com\/fr\/modalites\/\",\"url\":\"https:\/\/www.aqfmedical.com\/fr\/modalites\/\",\"name\":\"Modalit\u00e9s - AQF Medical France\",\"isPartOf\":{\"@id\":\"https:\/\/www.aqfmedical.com\/fr\/#website\"},\"datePublished\":\"2019-08-14T13:56:23+00:00\",\"dateModified\":\"2020-03-11T15:47:35+00:00\",\"description\":\"L'utilisation de ce site web est soumise \u00e0 nos modalit\u00e9s, que vous pouvez consulter ici.\",\"breadcrumb\":{\"@id\":\"https:\/\/www.aqfmedical.com\/fr\/modalites\/#breadcrumb\"},\"inLanguage\":\"en-US\",\"potentialAction\":[{\"@type\":\"ReadAction\",\"target\":[\"https:\/\/www.aqfmedical.com\/fr\/modalites\/\"]}]},{\"@type\":\"BreadcrumbList\",\"@id\":\"https:\/\/www.aqfmedical.com\/fr\/modalites\/#breadcrumb\",\"itemListElement\":[{\"@type\":\"ListItem\",\"position\":1,\"name\":\"Home\",\"item\":\"https:\/\/www.aqfmedical.com\/fr\/\"},{\"@type\":\"ListItem\",\"position\":2,\"name\":\"Modalit\u00e9s\"}]},{\"@type\":\"WebSite\",\"@id\":\"https:\/\/www.aqfmedical.com\/fr\/#website\",\"url\":\"https:\/\/www.aqfmedical.com\/fr\/\",\"name\":\"AQF Medical France\",\"description\":\"\",\"potentialAction\":[{\"@type\":\"SearchAction\",\"target\":{\"@type\":\"EntryPoint\",\"urlTemplate\":\"https:\/\/www.aqfmedical.com\/fr\/?s={search_term_string}\"},\"query-input\":\"required name=search_term_string\"}],\"inLanguage\":\"en-US\"}]}<\/script>\n<!-- \/ Yoast SEO plugin. -->","yoast_head_json":{"title":"Modalit\u00e9s - AQF Medical France","description":"L'utilisation de ce site web est soumise \u00e0 nos modalit\u00e9s, que vous pouvez consulter ici.","robots":{"index":"index","follow":"follow","max-snippet":"max-snippet:-1","max-image-preview":"max-image-preview:large","max-video-preview":"max-video-preview:-1"},"canonical":"https:\/\/www.aqfmedical.com\/fr\/modalites\/","og_locale":"en_US","og_type":"article","og_title":"Modalit\u00e9s - AQF Medical France","og_description":"L'utilisation de ce site web est soumise \u00e0 nos modalit\u00e9s, que vous pouvez consulter ici.","og_url":"https:\/\/www.aqfmedical.com\/fr\/modalites\/","og_site_name":"AQF Medical France","article_modified_time":"2020-03-11T15:47:35+00:00","twitter_card":"summary_large_image","twitter_misc":{"Est. reading time":"3 minutes"},"schema":{"@context":"https:\/\/schema.org","@graph":[{"@type":"WebPage","@id":"https:\/\/www.aqfmedical.com\/fr\/modalites\/","url":"https:\/\/www.aqfmedical.com\/fr\/modalites\/","name":"Modalit\u00e9s - AQF Medical France","isPartOf":{"@id":"https:\/\/www.aqfmedical.com\/fr\/#website"},"datePublished":"2019-08-14T13:56:23+00:00","dateModified":"2020-03-11T15:47:35+00:00","description":"L'utilisation de ce site web est soumise \u00e0 nos modalit\u00e9s, que vous pouvez consulter ici.","breadcrumb":{"@id":"https:\/\/www.aqfmedical.com\/fr\/modalites\/#breadcrumb"},"inLanguage":"en-US","potentialAction":[{"@type":"ReadAction","target":["https:\/\/www.aqfmedical.com\/fr\/modalites\/"]}]},{"@type":"BreadcrumbList","@id":"https:\/\/www.aqfmedical.com\/fr\/modalites\/#breadcrumb","itemListElement":[{"@type":"ListItem","position":1,"name":"Home","item":"https:\/\/www.aqfmedical.com\/fr\/"},{"@type":"ListItem","position":2,"name":"Modalit\u00e9s"}]},{"@type":"WebSite","@id":"https:\/\/www.aqfmedical.com\/fr\/#website","url":"https:\/\/www.aqfmedical.com\/fr\/","name":"AQF Medical France","description":"","potentialAction":[{"@type":"SearchAction","target":{"@type":"EntryPoint","urlTemplate":"https:\/\/www.aqfmedical.com\/fr\/?s={search_term_string}"},"query-input":"required name=search_term_string"}],"inLanguage":"en-US"}]}},"_links":{"self":[{"href":"https:\/\/www.aqfmedical.com\/fr\/wp-json\/wp\/v2\/pages\/800"}],"collection":[{"href":"https:\/\/www.aqfmedical.com\/fr\/wp-json\/wp\/v2\/pages"}],"about":[{"href":"https:\/\/www.aqfmedical.com\/fr\/wp-json\/wp\/v2\/types\/page"}],"author":[{"embeddable":true,"href":"https:\/\/www.aqfmedical.com\/fr\/wp-json\/wp\/v2\/users\/1"}],"replies":[{"embeddable":true,"href":"https:\/\/www.aqfmedical.com\/fr\/wp-json\/wp\/v2\/comments?post=800"}],"version-history":[{"count":3,"href":"https:\/\/www.aqfmedical.com\/fr\/wp-json\/wp\/v2\/pages\/800\/revisions"}],"predecessor-version":[{"id":1390,"href":"https:\/\/www.aqfmedical.com\/fr\/wp-json\/wp\/v2\/pages\/800\/revisions\/1390"}],"wp:attachment":[{"href":"https:\/\/www.aqfmedical.com\/fr\/wp-json\/wp\/v2\/media?parent=800"}],"curies":[{"name":"wp","href":"https:\/\/api.w.org\/{rel}","templated":true}]}}