{"id":781,"date":"2019-08-14T14:54:57","date_gmt":"2019-08-14T13:54:57","guid":{"rendered":"http:\/\/www.aqfmedical.com\/fr\/?page_id=781"},"modified":"2020-03-09T15:42:11","modified_gmt":"2020-03-09T15:42:11","slug":"politique-de-confidentialite","status":"publish","type":"page","link":"https:\/\/www.aqfmedical.com\/fr\/politique-de-confidentialite\/","title":{"rendered":"Politique de confidentialit\u00e9"},"content":{"rendered":"\r\n<p>AQF Ltd exploite le site web AQF Medical, qui fournit le SERVICE.<\/p>\r\n<p>Cette page sert \u00e0 informer les visiteurs du site web de nos politiques en mati\u00e8re de recueil, d\u2019utilisation et de divulgation des donn\u00e9es personnelles lorsque quelqu\u2019un d\u00e9cide d\u2019utiliser notre Service, le site web AQF Medical.<\/p>\r\n<p>En choisissant d\u2019utiliser notre Service, vous consentez au recueil et \u00e0 l\u2019utilisation des donn\u00e9es en relation avec la pr\u00e9sente politique. Les donn\u00e9es personnelles que nous recueillons servent \u00e0 fournir et \u00e0 am\u00e9liorer le Service. Nous n\u2019utiliserons ni ne partagerons vos donn\u00e9es avec personne d\u2019autre, sauf dans les cas d\u00e9crits dans la pr\u00e9sente politique de confidentialit\u00e9.<\/p>\r\n<h3>Recueil et utilisation des donn\u00e9es<\/h3>\r\n<p>Pour une meilleure exp\u00e9rience durant l\u2019utilisation de notre Service, nous pourrons vous demander de nous fournir certaines donn\u00e9es personnellement identifiables, incluant sans s\u2019y limiter vos nom, adresse e-mail, num\u00e9ro de t\u00e9l\u00e9phone et adresse postale. Les donn\u00e9es que nous recueillons seront utilis\u00e9es pour vous contacter ou vous identifier.<\/p>\r\n<h3>Donn\u00e9es de journal<\/h3>\r\n<p>Nous tenons \u00e0 vous informer que, lorsque vous visitez notre Service, nous recueillons des donn\u00e9es que votre navigateur nous envoie appel\u00e9es donn\u00e9es de journal. Ces donn\u00e9es de journal peuvent contenir des informations telles que l\u2019adresse IP (Internet Protocol) de votre ordinateur, la version du navigateur, les pages de notre Service que vous visitez, l\u2019heure et la date de votre visite, le temps pass\u00e9 sur ces pages, et d\u2019autres statistiques.<\/p>\r\n<h3>Cookies<\/h3>\r\n<p>Les cookies sont des fichiers contenant une petite quantit\u00e9 de donn\u00e9es, couramment utilis\u00e9s comme un identifiant unique, anonyme. Ces cookies sont envoy\u00e9s \u00e0 votre navigateur depuis le site web que vous visitez et sont stock\u00e9s sur le disque dur de votre ordinateur.<\/p>\r\n<p>Notre site web utilise ces \u201ccookies\u201d pour recueillir des informations et pour am\u00e9liorer notre Service. Vous avez la possibilit\u00e9 d&#8217;accepter ou de refuser ces cookies, et de savoir quand un cookie est envoy\u00e9 \u00e0 votre ordinateur. Si vous choisissez de refuser nos cookies, vous pourriez ne pas pouvoir utiliser certaines parties de notre Service.<\/p>\r\n<h3>Prestataires de service<\/h3>\r\n<p>Nous pouvons faire appel \u00e0 des soci\u00e9t\u00e9s tierces et \u00e0 des tierces personnes pour les raisons suivantes:<\/p>\r\n<p>Pour faciliter notre Service;<\/p>\r\n<p>Pour assurer le Service en notre nom;<\/p>\r\n<p>Pour assurer des services li\u00e9s au Service; ou<\/p>\r\n<p>Pour nous aider \u00e0 analyser la mani\u00e8re dont notre Service est utilis\u00e9.<\/p>\r\n<p>Nous tenons \u00e0 informer les utilisateurs de notre Service que ces tiers ont acc\u00e8s \u00e0 vos donn\u00e9es personnelles afin de pouvoir ex\u00e9cuter les t\u00e2ches qui leur sont attribu\u00e9es en notre nom. Ces tiers sont toutefois tenus de ne pas divulguer ni utiliser vos donn\u00e9es personnelles \u00e0 d\u2019autres fins.<\/p>\r\n<h3>S\u00e9curit\u00e9<\/h3>\r\n<p>Nous appr\u00e9cions la confiance que vous nous t\u00e9moignez en nous fournissant vos donn\u00e9es personnelles. Nous nous effor\u00e7ons par cons\u00e9quent d\u2019utiliser des moyens commercialement acceptables pour prot\u00e9ger celles-ci. Veuillez \u00eatre conscient toutefois qu\u2019aucune m\u00e9thode de transmission sur Internet ou de stockage \u00e9lectronique n\u2019est s\u00e9curis\u00e9e ni fiable \u00e0 100%, et que nous ne pouvons garantir leur s\u00e9curit\u00e9 absolue.<\/p>\r\n<h3>Liens vers d\u2019autres sites<\/h3>\r\n<p>Notre Service peut contenir des liens vers d\u2019autres sites. Si vous cliquez sur un lien de tiers, vous serez redirig\u00e9 vers le site de ce tiers. Notez que nous n\u2019exploitons pas ces sites externes. Par cons\u00e9quent, nous vous recommandons vivement de consulter la politique de confidentialit\u00e9 de ces sites web. Nous n&#8217;exer\u00e7ons aucun contr\u00f4le sur le contenu, les politiques de confidentialit\u00e9 ou les pratiques de ces sites ou services de tiers et n\u2019en assumons pas la responsabilit\u00e9.<\/p>\r\n<h3>Dur\u00e9e de conservation de vos donn\u00e9es<\/h3>\r\n<p>Nous ne conserverons pas vos donn\u00e9es plus longtemps que n\u00e9cessaire. La dur\u00e9e de conservation d\u00e9pendra des obligations juridiques que nous pourrions avoir, de la nature des contacts que nous avons en place avec vous, de l\u2019existence de votre consentement ou de nos int\u00e9r\u00eats l\u00e9gitimes en tant qu\u2019entreprise.<\/p>\r\n<h3>Demandes de renseignements<\/h3>\r\n<p>A moins que vous ne nous donniez votre consentement pour un futur contact au cours de votre demande de renseignements, nous conserverons vos donn\u00e9es le temps n\u00e9cessaire pour r\u00e9pondre \u00e0 votre demande et finaliser celle-ci, et pendant une dur\u00e9e suppl\u00e9mentaire de douze mois, avant de supprimer vos donn\u00e9es.<\/p>\r\n<h3>Modifications de la Politique de confidentialit\u00e9<\/h3>\r\n<p>Nous pourrons de temps \u00e0 autre mettre \u00e0 jour notre Politique de confidentialit\u00e9. Nous vous invitons ainsi \u00e0 consulter cette page r\u00e9guli\u00e8rement afin de prendre connaissance de ses \u00e9ventuelles modifications. Nous vous notifierons tout changement en affichant la nouvelle Politique de confidentialit\u00e9 sur cette page. Ces modifications prendront effet imm\u00e9diatement apr\u00e8s leur publication sur cette page.<\/p>\r\n<h3>Vos droits en tant que personne concern\u00e9e<\/h3>\r\n<p>1.\u00a0\u00a0\u00a0\u00a0\u00a0 Droit d\u2019acc\u00e8s aux donn\u00e9es personnelles<\/p>\r\n<p>Aux termes du RGPD, les personnes concern\u00e9es ont le droit d\u2019acc\u00e9der aux donn\u00e9es les concernant recueillies par un responsable du traitement. Le responsable du traitement doit r\u00e9pondre \u00e0 cette demande dans un d\u00e9lai de 30 jours.<\/p>\r\n<p>2.\u00a0\u00a0 \u00a0\u00a0\u00a0Droit de rectification<\/p>\r\n<p>Les personnes concern\u00e9es ont le droit de demander la modification de leurs donn\u00e9es, dont la rectification des erreurs et la mise \u00e0 jour des informations incompl\u00e8tes.<\/p>\r\n<p>3.\u00a0\u00a0\u00a0\u00a0\u00a0 Droit \u00e0 l\u2019effacement<\/p>\r\n<p>Le droit \u00e0 l\u2019effacement \u2013 \u00e9galement appel\u00e9 droit \u00e0 la suppression ou droit \u00e0 l\u2019oubli \u2013 permet \u00e0 une personne concern\u00e9e de suspendre le traitement de ses donn\u00e9es personnelles et de demander l\u2019effacement de celles-ci.<\/p>\r\n<p>4.\u00a0\u00a0\u00a0\u00a0\u00a0 Droit \u00e0 la limitation du traitement des donn\u00e9es<\/p>\r\n<p>Les personnes concern\u00e9es peuvent, en certaines circonstances, demander la suspension du traitement de leurs donn\u00e9es personnelles.<\/p>\r\n<p>5.\u00a0\u00a0\u00a0\u00a0\u00a0 Obligation de notification<\/p>\r\n<p>Les personnes concern\u00e9es doivent \u00eatre clairement inform\u00e9es des utilisations qui sont faites de leurs donn\u00e9es personnelles ainsi que des mesures pouvant \u00eatre prises si elles estiment qu\u2019il est port\u00e9 atteinte \u00e0 leurs droits. Les personnes concern\u00e9es doivent \u00e9galement \u00eatre inform\u00e9es de toute rectification ou de tout effacement de leurs donn\u00e9es personnelles.<\/p>\r\n<p>6.\u00a0\u00a0\u00a0\u00a0\u00a0 Droit \u00e0 la portabilit\u00e9 des donn\u00e9es<\/p>\r\n<p>Une personne concern\u00e9e peut demander qu\u2019un fichier contenant ses donn\u00e9es personnelles soit transmis de mani\u00e8re \u00e9lectronique \u00e0 un tiers. Les donn\u00e9es doivent \u00eatre fournies dans un format couramment utilis\u00e9 et lisible par machine, lorsque cela est techniquement possible.<\/p>\r\n<p>7.\u00a0\u00a0\u00a0\u00a0\u00a0 Droit d\u2019opposition<\/p>\r\n<p>Si une demande de suspension du traitement des donn\u00e9es est rejet\u00e9e par un responsable du traitement, la personne concern\u00e9e a le droit de s\u2019opposer \u00e0 se voir refuser son droit.<\/p>\r\n<p>8.\u00a0\u00a0\u00a0\u00a0\u00a0 Droit de rejeter la prise de d\u00e9cision individuelle automatis\u00e9e<\/p>\r\n<p>Les personnes concern\u00e9es ont le droit de refuser le traitement automatis\u00e9 de leurs donn\u00e9es personnelles pour prendre des d\u00e9cisions les concernant d\u00e8s lors que cela affecte de mani\u00e8re significative la personne concern\u00e9e ou produit des effets juridiques, par exemple le profilage.<\/p>\r\n<h3>R\u00e9voquer votre consentement<\/h3>\r\n<p>D\u00e8s lors que nous nous appuyons sur votre consentement comme le fondement juridique pour le traitement de vos donn\u00e9es personnelles, vous pouvez r\u00e9voquer votre consentement \u00e0 tout moment en nous contactant au moyen des coordonn\u00e9es pr\u00e9cis\u00e9es \u00e0 la fin de la pr\u00e9sente politique.<\/p>\r\n<p>Si vous souhaitez r\u00e9voquer votre consentement ou vous opposer \u00e0 la r\u00e9ception de toutes sollicitations de marketing direct que vous aviez pr\u00e9c\u00e9demment opt\u00e9 de recevoir, vous pouvez le faire en utilisant l\u2019outil D\u00e9sinscrire dans cette communication (s\u2019il s\u2019agit d\u2019un e-mail), ou en nous \u00e9crivant ou en nous appelant au moyen des coordonn\u00e9es pr\u00e9cis\u00e9es \u00e0 la fin de la pr\u00e9sente politique. Si vous r\u00e9voquez votre consentement, l\u2019utilisation faite de vos donn\u00e9es personnelles avant la r\u00e9vocation de votre consentement reste toutefois licite.<\/p>\r\n<p>Si vous avez consenti \u00e0 ce que vos coordonn\u00e9es soient partag\u00e9es avec un tiers, et que vous souhaitez r\u00e9voquer ce consentement, veuillez \u00e9galement contacter le tiers concern\u00e9 afin de modifier vos pr\u00e9f\u00e9rences.<\/p>\r\n<h3>Comment contacter AQF Ltd<\/h3>\r\n<p>Si vous avez des questions ou des suggestions concernant notre Politique de confidentialit\u00e9, n\u2019h\u00e9sitez pas \u00e0 nous contacter. Le responsable du traitement de vos donn\u00e9es personnelles aux fins de la loi europ\u00e9enne sur la protection des donn\u00e9es applicable est:<\/p>\r\n<p>AQF Ltd<br \/>Attn: Data Controller<br \/>Mullaghboy Industrial Estate<br \/>Navan,<br \/>Co. Meath,<br \/>Irlande<br \/>T\u00e9l\u00e9phone + 353 46 9028611<br \/>E-mail:\u00a0<a href=\"mailto:datacontroller@aqf.ie\">datacontroller@aqf.ie<\/a><\/p>\r\n<p>Si vous avez des questions concernant cette D\u00e9claration de confidentialit\u00e9 ou nos pratiques en mati\u00e8re de protection des donn\u00e9es, veuillez nous contacter \u00e0 l\u2019adresse, au num\u00e9ro de t\u00e9l\u00e9phone ou \u00e0 l\u2019adresse e-mail indiqu\u00e9s ci-dessus en nous pr\u00e9cisant votre pays de r\u00e9sidence et la nature de votre question.<\/p>\r\n","protected":false},"excerpt":{"rendered":"<p>AQF Ltd exploite le site web AQF Medical, qui fournit le SERVICE. Cette page sert \u00e0 informer les visiteurs du site web de nos politiques en mati\u00e8re de recueil, d\u2019utilisation et de divulgation des donn\u00e9es personnelles lorsque quelqu\u2019un d\u00e9cide d\u2019utiliser notre Service, le site web AQF Medical. En choisissant d\u2019utiliser notre Service, vous consentez au [&hellip;]<\/p>\n","protected":false},"author":1,"featured_media":0,"parent":0,"menu_order":0,"comment_status":"closed","ping_status":"closed","template":"","meta":[],"acf":[],"yoast_head":"<!-- This site is optimized with the Yoast SEO plugin v19.9 - https:\/\/yoast.com\/wordpress\/plugins\/seo\/ -->\n<title>Politique de confidentialit\u00e9 - AQF Medical France<\/title>\n<meta name=\"description\" content=\"Cette page vous informe sur nos politiques de recueil, d&#039;utilisation et de divulgation des donn\u00e9es personnelles en cas d&#039;utilisation du site web AQF Medical.\" \/>\n<meta name=\"robots\" content=\"index, follow, max-snippet:-1, max-image-preview:large, max-video-preview:-1\" \/>\n<link rel=\"canonical\" href=\"https:\/\/www.aqfmedical.com\/fr\/politique-de-confidentialite\/\" \/>\n<meta property=\"og:locale\" content=\"en_US\" \/>\n<meta property=\"og:type\" content=\"article\" \/>\n<meta property=\"og:title\" content=\"Politique de confidentialit\u00e9 - AQF Medical France\" \/>\n<meta property=\"og:description\" content=\"Cette page vous informe sur nos politiques de recueil, d&#039;utilisation et de divulgation des donn\u00e9es personnelles en cas d&#039;utilisation du site web AQF Medical.\" \/>\n<meta property=\"og:url\" content=\"https:\/\/www.aqfmedical.com\/fr\/politique-de-confidentialite\/\" \/>\n<meta property=\"og:site_name\" content=\"AQF Medical France\" \/>\n<meta property=\"article:modified_time\" content=\"2020-03-09T15:42:11+00:00\" \/>\n<meta name=\"twitter:card\" content=\"summary_large_image\" \/>\n<meta name=\"twitter:label1\" content=\"Est. reading time\" \/>\n\t<meta name=\"twitter:data1\" content=\"7 minutes\" \/>\n<script type=\"application\/ld+json\" class=\"yoast-schema-graph\">{\"@context\":\"https:\/\/schema.org\",\"@graph\":[{\"@type\":\"WebPage\",\"@id\":\"https:\/\/www.aqfmedical.com\/fr\/politique-de-confidentialite\/\",\"url\":\"https:\/\/www.aqfmedical.com\/fr\/politique-de-confidentialite\/\",\"name\":\"Politique de confidentialit\u00e9 - AQF Medical France\",\"isPartOf\":{\"@id\":\"https:\/\/www.aqfmedical.com\/fr\/#website\"},\"datePublished\":\"2019-08-14T13:54:57+00:00\",\"dateModified\":\"2020-03-09T15:42:11+00:00\",\"description\":\"Cette page vous informe sur nos politiques de recueil, d'utilisation et de divulgation des donn\u00e9es personnelles en cas d'utilisation du site web AQF Medical.\",\"breadcrumb\":{\"@id\":\"https:\/\/www.aqfmedical.com\/fr\/politique-de-confidentialite\/#breadcrumb\"},\"inLanguage\":\"en-US\",\"potentialAction\":[{\"@type\":\"ReadAction\",\"target\":[\"https:\/\/www.aqfmedical.com\/fr\/politique-de-confidentialite\/\"]}]},{\"@type\":\"BreadcrumbList\",\"@id\":\"https:\/\/www.aqfmedical.com\/fr\/politique-de-confidentialite\/#breadcrumb\",\"itemListElement\":[{\"@type\":\"ListItem\",\"position\":1,\"name\":\"Home\",\"item\":\"https:\/\/www.aqfmedical.com\/fr\/\"},{\"@type\":\"ListItem\",\"position\":2,\"name\":\"Politique de confidentialit\u00e9\"}]},{\"@type\":\"WebSite\",\"@id\":\"https:\/\/www.aqfmedical.com\/fr\/#website\",\"url\":\"https:\/\/www.aqfmedical.com\/fr\/\",\"name\":\"AQF Medical France\",\"description\":\"\",\"potentialAction\":[{\"@type\":\"SearchAction\",\"target\":{\"@type\":\"EntryPoint\",\"urlTemplate\":\"https:\/\/www.aqfmedical.com\/fr\/?s={search_term_string}\"},\"query-input\":\"required name=search_term_string\"}],\"inLanguage\":\"en-US\"}]}<\/script>\n<!-- \/ Yoast SEO plugin. -->","yoast_head_json":{"title":"Politique de confidentialit\u00e9 - AQF Medical France","description":"Cette page vous informe sur nos politiques de recueil, d'utilisation et de divulgation des donn\u00e9es personnelles en cas d'utilisation du site web AQF Medical.","robots":{"index":"index","follow":"follow","max-snippet":"max-snippet:-1","max-image-preview":"max-image-preview:large","max-video-preview":"max-video-preview:-1"},"canonical":"https:\/\/www.aqfmedical.com\/fr\/politique-de-confidentialite\/","og_locale":"en_US","og_type":"article","og_title":"Politique de confidentialit\u00e9 - AQF Medical France","og_description":"Cette page vous informe sur nos politiques de recueil, d'utilisation et de divulgation des donn\u00e9es personnelles en cas d'utilisation du site web AQF Medical.","og_url":"https:\/\/www.aqfmedical.com\/fr\/politique-de-confidentialite\/","og_site_name":"AQF Medical France","article_modified_time":"2020-03-09T15:42:11+00:00","twitter_card":"summary_large_image","twitter_misc":{"Est. reading time":"7 minutes"},"schema":{"@context":"https:\/\/schema.org","@graph":[{"@type":"WebPage","@id":"https:\/\/www.aqfmedical.com\/fr\/politique-de-confidentialite\/","url":"https:\/\/www.aqfmedical.com\/fr\/politique-de-confidentialite\/","name":"Politique de confidentialit\u00e9 - AQF Medical France","isPartOf":{"@id":"https:\/\/www.aqfmedical.com\/fr\/#website"},"datePublished":"2019-08-14T13:54:57+00:00","dateModified":"2020-03-09T15:42:11+00:00","description":"Cette page vous informe sur nos politiques de recueil, d'utilisation et de divulgation des donn\u00e9es personnelles en cas d'utilisation du site web AQF Medical.","breadcrumb":{"@id":"https:\/\/www.aqfmedical.com\/fr\/politique-de-confidentialite\/#breadcrumb"},"inLanguage":"en-US","potentialAction":[{"@type":"ReadAction","target":["https:\/\/www.aqfmedical.com\/fr\/politique-de-confidentialite\/"]}]},{"@type":"BreadcrumbList","@id":"https:\/\/www.aqfmedical.com\/fr\/politique-de-confidentialite\/#breadcrumb","itemListElement":[{"@type":"ListItem","position":1,"name":"Home","item":"https:\/\/www.aqfmedical.com\/fr\/"},{"@type":"ListItem","position":2,"name":"Politique de confidentialit\u00e9"}]},{"@type":"WebSite","@id":"https:\/\/www.aqfmedical.com\/fr\/#website","url":"https:\/\/www.aqfmedical.com\/fr\/","name":"AQF Medical France","description":"","potentialAction":[{"@type":"SearchAction","target":{"@type":"EntryPoint","urlTemplate":"https:\/\/www.aqfmedical.com\/fr\/?s={search_term_string}"},"query-input":"required name=search_term_string"}],"inLanguage":"en-US"}]}},"_links":{"self":[{"href":"https:\/\/www.aqfmedical.com\/fr\/wp-json\/wp\/v2\/pages\/781"}],"collection":[{"href":"https:\/\/www.aqfmedical.com\/fr\/wp-json\/wp\/v2\/pages"}],"about":[{"href":"https:\/\/www.aqfmedical.com\/fr\/wp-json\/wp\/v2\/types\/page"}],"author":[{"embeddable":true,"href":"https:\/\/www.aqfmedical.com\/fr\/wp-json\/wp\/v2\/users\/1"}],"replies":[{"embeddable":true,"href":"https:\/\/www.aqfmedical.com\/fr\/wp-json\/wp\/v2\/comments?post=781"}],"version-history":[{"count":5,"href":"https:\/\/www.aqfmedical.com\/fr\/wp-json\/wp\/v2\/pages\/781\/revisions"}],"predecessor-version":[{"id":1384,"href":"https:\/\/www.aqfmedical.com\/fr\/wp-json\/wp\/v2\/pages\/781\/revisions\/1384"}],"wp:attachment":[{"href":"https:\/\/www.aqfmedical.com\/fr\/wp-json\/wp\/v2\/media?parent=781"}],"curies":[{"name":"wp","href":"https:\/\/api.w.org\/{rel}","templated":true}]}}