{"id":800,"date":"2019-08-14T14:56:23","date_gmt":"2019-08-14T13:56:23","guid":{"rendered":"http:\/\/www.aqfmedical.com\/de\/?page_id=800"},"modified":"2020-03-09T16:00:14","modified_gmt":"2020-03-09T16:00:14","slug":"nutzungsbedingungen","status":"publish","type":"page","link":"https:\/\/www.aqfmedical.com\/de\/nutzungsbedingungen\/","title":{"rendered":"Nutzungsbedingungen"},"content":{"rendered":"<p>Willkommen auf unserer Website. Wenn Sie diese Website weiter lesen und nutzen, erkl\u00e4ren Sie sich damit einverstanden, die folgenden Nutzungsbedingungen, die zusammen mit unseren Datenschutzrichtlinien in Bezug auf diese Website die Beziehung zwischen AQF Medical und Ihnen bestimmen, einzuhalten und sie als verbindlich anzuerkennen. Wenn Sie mit irgendeinem Teil dieser Nutzungsbedingungen nicht einverstanden sind, benutzen Sie unsere Website bitte nicht.<\/p>\n<p>Der Begriff &#8220;AQF Medical&#8221; oder &#8220;uns&#8221; oder &#8220;wir&#8221; bezieht sich auf den Eigent\u00fcmer der Website, dessen Firmensitz Mullaghboy Industrial Estate, Navan, Irland ist. Der Begriff &#8220;Sie&#8221; bezieht sich auf Benutzer oder Besucher unserer Website.<\/p>\n<p>Die Nutzung dieser Website unterliegt den folgenden Nutzungsbedingungen:<\/p>\n<ul>\n<li>Der Inhalt der Seiten dieser Website dient ausschlie\u00dflich zu Ihrer allgemeinen Information und Verwendung. \u00c4nderungen der Website sind jederzeit vorbehalten.<\/li>\n<li>Diese Website verwendet Cookies, um die Browsingpr\u00e4ferenzen zu beobachten. Wenn Sie zulassen, dass Cookies verwendet werden, werden m\u00f6glicherweise die folgenden personenbezogenen Daten von uns zur Verwendung durch Dritte gespeichert: Name, E-Mail-Adresse, Telefonnummer, Postadresse.<\/li>\n<li>Weder wir noch Dritte \u00fcbernehmen eine Garantie oder Gew\u00e4hr f\u00fcr die Richtigkeit, Aktualit\u00e4t, Leistung, Vollst\u00e4ndigkeit oder Eignung der Informationen und Materialien, die auf dieser Website zu einem bestimmten Zweck gefunden oder angeboten werden.<\/li>\n<li>Sie akzeptieren, dass solche Informationen und Materialien Ungenauigkeiten oder Fehler enthalten k\u00f6nnen, und wir schlie\u00dfen ausdr\u00fccklich die Haftung f\u00fcr s\u00e4mtliche derartige Ungenauigkeiten oder Fehler aus, soweit dies gesetzlich erlaubt ist.<\/li>\n<li>Ihre Nutzung von Informationen oder Materialien auf dieser Website erfolgt g\u00e4nzlich auf Ihr eigenes Risiko; wir \u00fcbernehmen hierf\u00fcr keine Haftung. Es liegt in Ihrer eigenen Verantwortung, sicherzustellen, dass alle Produkte, Dienstleistungen oder Informationen, die \u00fcber diese Website verf\u00fcgbar sind, Ihren spezifischen Anforderungen entsprechen.<\/li>\n<li>Diese Website enth\u00e4lt Materialien, die uns geh\u00f6ren oder an uns lizensiert sind. Zu diesen Materialien z\u00e4hlen Design, Layout, Look, Aussehen, und Grafik; die Materialien sind jedoch nicht darauf beschr\u00e4nkt. Die Vervielf\u00e4ltigung ist verboten und nur gem\u00e4\u00df des Copyright-Vermerks, der Teil dieser Nutzungsbedingungen ist, gestattet.<\/li>\n<li>Alle auf dieser Website wiedergegebenen Handelsmarken, die nicht Eigentum des Betreibers sind oder f\u00fcr die er nicht lizenziert ist, werden auf der Website anerkannt.<\/li>\n<li>Die unbefugte Nutzung dieser Website kann zu Schadensersatzanspr\u00fcchen f\u00fchren und\/oder eine Straftat sein.<\/li>\n<li>Von Zeit zu Zeit kann diese Website auch Links zu anderen Websites enthalten. Diese Links werden als Annehmlichkeiten f\u00fcr Sie zur Verf\u00fcgung gestellt und enthalten zus\u00e4tzliche Informationen. Sie bedeuten nicht, dass wir diese Website(s) guthei\u00dfen. Wir \u00fcbernehmen keine Verantwortung f\u00fcr den Inhalt der verlinkten Website(s).<\/li>\n<li>Ihre Nutzung dieser Website und alle Streitigkeiten, die sich aus der Nutzung dieser Website ergeben, unterliegen den Gesetzen von England, Nordirland, Schottland und Wales.<\/li>\n<\/ul>\n","protected":false},"excerpt":{"rendered":"<p>Willkommen auf unserer Website. Wenn Sie diese Website weiter lesen und nutzen, erkl\u00e4ren Sie sich damit einverstanden, die folgenden Nutzungsbedingungen, die zusammen mit unseren Datenschutzrichtlinien in Bezug auf diese Website die Beziehung zwischen AQF Medical und Ihnen bestimmen, einzuhalten und sie als verbindlich anzuerkennen. Wenn Sie mit irgendeinem Teil dieser Nutzungsbedingungen nicht einverstanden sind, benutzen [&hellip;]<\/p>\n","protected":false},"author":1,"featured_media":0,"parent":0,"menu_order":0,"comment_status":"closed","ping_status":"closed","template":"","meta":[],"acf":[],"yoast_head":"<!-- This site is optimized with the Yoast SEO plugin v19.9 - https:\/\/yoast.com\/wordpress\/plugins\/seo\/ -->\n<title>Nutzungsbedingungen - AQF Medical Germany<\/title>\n<meta name=\"description\" content=\"Die Nutzung dieser Website unterliegt den allgemeinen Gesch\u00e4ftsbedingungen, die Sie hier lesen k\u00f6nnen.\" \/>\n<meta name=\"robots\" content=\"index, follow, max-snippet:-1, max-image-preview:large, max-video-preview:-1\" \/>\n<link rel=\"canonical\" href=\"https:\/\/www.aqfmedical.com\/de\/nutzungsbedingungen\/\" \/>\n<meta property=\"og:locale\" content=\"en_US\" \/>\n<meta property=\"og:type\" content=\"article\" \/>\n<meta property=\"og:title\" content=\"Nutzungsbedingungen - AQF Medical Germany\" \/>\n<meta property=\"og:description\" content=\"Die Nutzung dieser Website unterliegt den allgemeinen Gesch\u00e4ftsbedingungen, die Sie hier lesen k\u00f6nnen.\" \/>\n<meta property=\"og:url\" content=\"https:\/\/www.aqfmedical.com\/de\/nutzungsbedingungen\/\" \/>\n<meta property=\"og:site_name\" content=\"AQF Medical Germany\" \/>\n<meta property=\"article:modified_time\" content=\"2020-03-09T16:00:14+00:00\" \/>\n<meta name=\"twitter:card\" content=\"summary_large_image\" \/>\n<meta name=\"twitter:label1\" content=\"Est. reading time\" \/>\n\t<meta name=\"twitter:data1\" content=\"2 minutes\" \/>\n<script type=\"application\/ld+json\" class=\"yoast-schema-graph\">{\"@context\":\"https:\/\/schema.org\",\"@graph\":[{\"@type\":\"WebPage\",\"@id\":\"https:\/\/www.aqfmedical.com\/de\/nutzungsbedingungen\/\",\"url\":\"https:\/\/www.aqfmedical.com\/de\/nutzungsbedingungen\/\",\"name\":\"Nutzungsbedingungen - AQF Medical Germany\",\"isPartOf\":{\"@id\":\"https:\/\/www.aqfmedical.com\/de\/#website\"},\"datePublished\":\"2019-08-14T13:56:23+00:00\",\"dateModified\":\"2020-03-09T16:00:14+00:00\",\"description\":\"Die Nutzung dieser Website unterliegt den allgemeinen Gesch\u00e4ftsbedingungen, die Sie hier lesen k\u00f6nnen.\",\"breadcrumb\":{\"@id\":\"https:\/\/www.aqfmedical.com\/de\/nutzungsbedingungen\/#breadcrumb\"},\"inLanguage\":\"en-US\",\"potentialAction\":[{\"@type\":\"ReadAction\",\"target\":[\"https:\/\/www.aqfmedical.com\/de\/nutzungsbedingungen\/\"]}]},{\"@type\":\"BreadcrumbList\",\"@id\":\"https:\/\/www.aqfmedical.com\/de\/nutzungsbedingungen\/#breadcrumb\",\"itemListElement\":[{\"@type\":\"ListItem\",\"position\":1,\"name\":\"Home\",\"item\":\"https:\/\/www.aqfmedical.com\/de\/\"},{\"@type\":\"ListItem\",\"position\":2,\"name\":\"Nutzungsbedingungen\"}]},{\"@type\":\"WebSite\",\"@id\":\"https:\/\/www.aqfmedical.com\/de\/#website\",\"url\":\"https:\/\/www.aqfmedical.com\/de\/\",\"name\":\"AQF Medical Germany\",\"description\":\"\",\"potentialAction\":[{\"@type\":\"SearchAction\",\"target\":{\"@type\":\"EntryPoint\",\"urlTemplate\":\"https:\/\/www.aqfmedical.com\/de\/?s={search_term_string}\"},\"query-input\":\"required name=search_term_string\"}],\"inLanguage\":\"en-US\"}]}<\/script>\n<!-- \/ Yoast SEO plugin. -->","yoast_head_json":{"title":"Nutzungsbedingungen - AQF Medical Germany","description":"Die Nutzung dieser Website unterliegt den allgemeinen Gesch\u00e4ftsbedingungen, die Sie hier lesen k\u00f6nnen.","robots":{"index":"index","follow":"follow","max-snippet":"max-snippet:-1","max-image-preview":"max-image-preview:large","max-video-preview":"max-video-preview:-1"},"canonical":"https:\/\/www.aqfmedical.com\/de\/nutzungsbedingungen\/","og_locale":"en_US","og_type":"article","og_title":"Nutzungsbedingungen - AQF Medical Germany","og_description":"Die Nutzung dieser Website unterliegt den allgemeinen Gesch\u00e4ftsbedingungen, die Sie hier lesen k\u00f6nnen.","og_url":"https:\/\/www.aqfmedical.com\/de\/nutzungsbedingungen\/","og_site_name":"AQF Medical Germany","article_modified_time":"2020-03-09T16:00:14+00:00","twitter_card":"summary_large_image","twitter_misc":{"Est. reading time":"2 minutes"},"schema":{"@context":"https:\/\/schema.org","@graph":[{"@type":"WebPage","@id":"https:\/\/www.aqfmedical.com\/de\/nutzungsbedingungen\/","url":"https:\/\/www.aqfmedical.com\/de\/nutzungsbedingungen\/","name":"Nutzungsbedingungen - AQF Medical Germany","isPartOf":{"@id":"https:\/\/www.aqfmedical.com\/de\/#website"},"datePublished":"2019-08-14T13:56:23+00:00","dateModified":"2020-03-09T16:00:14+00:00","description":"Die Nutzung dieser Website unterliegt den allgemeinen Gesch\u00e4ftsbedingungen, die Sie hier lesen k\u00f6nnen.","breadcrumb":{"@id":"https:\/\/www.aqfmedical.com\/de\/nutzungsbedingungen\/#breadcrumb"},"inLanguage":"en-US","potentialAction":[{"@type":"ReadAction","target":["https:\/\/www.aqfmedical.com\/de\/nutzungsbedingungen\/"]}]},{"@type":"BreadcrumbList","@id":"https:\/\/www.aqfmedical.com\/de\/nutzungsbedingungen\/#breadcrumb","itemListElement":[{"@type":"ListItem","position":1,"name":"Home","item":"https:\/\/www.aqfmedical.com\/de\/"},{"@type":"ListItem","position":2,"name":"Nutzungsbedingungen"}]},{"@type":"WebSite","@id":"https:\/\/www.aqfmedical.com\/de\/#website","url":"https:\/\/www.aqfmedical.com\/de\/","name":"AQF Medical Germany","description":"","potentialAction":[{"@type":"SearchAction","target":{"@type":"EntryPoint","urlTemplate":"https:\/\/www.aqfmedical.com\/de\/?s={search_term_string}"},"query-input":"required name=search_term_string"}],"inLanguage":"en-US"}]}},"_links":{"self":[{"href":"https:\/\/www.aqfmedical.com\/de\/wp-json\/wp\/v2\/pages\/800"}],"collection":[{"href":"https:\/\/www.aqfmedical.com\/de\/wp-json\/wp\/v2\/pages"}],"about":[{"href":"https:\/\/www.aqfmedical.com\/de\/wp-json\/wp\/v2\/types\/page"}],"author":[{"embeddable":true,"href":"https:\/\/www.aqfmedical.com\/de\/wp-json\/wp\/v2\/users\/1"}],"replies":[{"embeddable":true,"href":"https:\/\/www.aqfmedical.com\/de\/wp-json\/wp\/v2\/comments?post=800"}],"version-history":[{"count":3,"href":"https:\/\/www.aqfmedical.com\/de\/wp-json\/wp\/v2\/pages\/800\/revisions"}],"predecessor-version":[{"id":1405,"href":"https:\/\/www.aqfmedical.com\/de\/wp-json\/wp\/v2\/pages\/800\/revisions\/1405"}],"wp:attachment":[{"href":"https:\/\/www.aqfmedical.com\/de\/wp-json\/wp\/v2\/media?parent=800"}],"curies":[{"name":"wp","href":"https:\/\/api.w.org\/{rel}","templated":true}]}}