{"id":781,"date":"2019-08-14T14:54:57","date_gmt":"2019-08-14T13:54:57","guid":{"rendered":"http:\/\/www.aqfmedical.com\/de\/?page_id=781"},"modified":"2020-03-09T15:46:02","modified_gmt":"2020-03-09T15:46:02","slug":"datenschutzrichtlinie","status":"publish","type":"page","link":"https:\/\/www.aqfmedical.com\/de\/datenschutzrichtlinie\/","title":{"rendered":"Datenschutzrichtlinie"},"content":{"rendered":"\r\n<p>AQF Ltd betreibt die AQF Medical Website, die diesen DIENST bereitstellt.<\/p>\r\n<p>Diese Seite informiert Website-Besucher \u00fcber unsere Richtlinien bei der Erfassung, Verwendung und Offenlegung personenbezogener Daten bei der Nutzung unseres Dienstes, der AQF Medical Website.<\/p>\r\n<p>Wenn Sie sich f\u00fcr die Nutzung unseres Dienstes entscheiden, stimmen Sie der Erfassung und Verwendung von Informationen mit Bezug auf diese Richtlinie zu. Die von uns erfassten personenbezogenen Daten werden f\u00fcr die Bereitstellung und Verbesserung des Dienstes verwendet. Wir werden Ihre Daten nur wie in dieser Datenschutzrichtlinie beschrieben benutzen oder an Dritte weitergeben.<\/p>\r\n<h3>Erfassung und Verwendung von Daten<\/h3>\r\n<p>Um ein besseres Erlebnis bei der Nutzung unseres Dienstes zu erzielen, ben\u00f6tigen wir unter Umst\u00e4nden bestimmte personenbezogene Daten, einschlie\u00dflich (aber nicht beschr\u00e4nkt auf) Ihrem Namen, Ihrer E-Mail-Adresse, Telefonnummer und Ihrer Postanschrift. Die von uns erfassten Informationen werden verwendet, um Sie zu kontaktieren oder zu identifizieren.<\/p>\r\n<h3>Logdaten<\/h3>\r\n<p>Wir m\u00f6chten Sie dar\u00fcber informieren, dass wir bei jedem Besuch unseres Dienstes Daten sammeln, die Ihr Browser an uns sendet, die sogenannten Logdaten. Diese Logdaten k\u00f6nnen Informationen wie die Internetprotokolladresse (IP-Adresse) Ihres Computers, die Version Ihres Browsers, die Seiten unseres Dienstes, die Sie besucht haben, die Uhrzeit und das Datum Ihres Besuchs, die auf diesen Seiten verbrachte Zeit und andere Statistiken enthalten.<\/p>\r\n<h3>Cookies<\/h3>\r\n<p>Cookies sind kleine Textdateien, die in der Regel als anonyme eindeutige Kennung verwendet werden. Diese werden von der Website, die Sie besuchen, an Ihren Browser gesendet und auf der Festplatte Ihres Computers gespeichert.<\/p>\r\n<p>Unsere Website verwendet diese &#8220;Cookies&#8221;, um Informationen zu sammeln und unseren Dienst zu verbessern. Sie k\u00f6nnen diese Cookies entweder akzeptieren oder ablehnen und wissen, wenn ein Cookie an Ihren Computer gesendet wird. Wenn Sie sich daf\u00fcr entscheiden, unsere Cookies abzulehnen, k\u00f6nnen Sie m\u00f6glicherweise einige Aspekte unseres Dienstes nicht nutzen.<\/p>\r\n<h3>Dienstanbieter<\/h3>\r\n<p>Es kann vorkommen, dass wir aus den folgenden Gr\u00fcnden Drittunternehmen und Einzelpersonen besch\u00e4ftigen:<\/p>\r\n<p>Um unseren Dienst zu unterst\u00fctzen,<\/p>\r\n<p>Um den Dienst in unserem Namen bereitzustellen,<\/p>\r\n<p>Um den Dienst unterst\u00fctzende Dienste auszuf\u00fchren oder<\/p>\r\n<p>Um uns bei der Auswertung der Nutzung unseres Dienstes zu unterst\u00fctzen.<\/p>\r\n<p>Wir m\u00f6chten die Benutzer unseres Dienstes dar\u00fcber informieren, dass diese Drittpersonen auf Ihre pers\u00f6nlichen Daten Zugriff haben. Der Grund hierf\u00fcr ist, dass sie die ihnen zugewiesenen Aufgaben in unserem Namen ausf\u00fchren k\u00f6nnen. Sie sind jedoch verpflichtet, die Informationen nicht f\u00fcr irgendwelche anderen Zwecke offenzulegen oder zu verwenden.<\/p>\r\n<h3>Sicherheit<\/h3>\r\n<p>Wir sch\u00e4tzen Ihr Vertrauen bei der Bereitstellung Ihrer pers\u00f6nlichen Daten; daher bem\u00fchen wir uns, wirtschaftlich akzeptable Methoden f\u00fcr deren Schutz zu einzusetzen. Aber denken Sie auch daran, dass kein \u00dcbertragungsverfahren \u00fcber das Internet oder keine Verfahren zur elektronischen Speicherung 100 % sicher und zuverl\u00e4ssig ist und wir daher die absolute Sicherheit Ihrer Daten nicht voll garantieren k\u00f6nnen.<\/p>\r\n<h3>Links zu anderen Websites<\/h3>\r\n<p>Unser Dienst kann Links zu anderen Websites enthalten. Wenn Sie auf einen Link eines Drittanbieters klicken, werden Sie zu jener Website weitergeleitet. Beachten Sie, dass diese externen Websites nicht von uns betrieben werden. Daher empfehlen wir Ihnen dringend, die Datenschutzrichtlinien dieser Websites zu lesen. Wir haben keine Kontrolle \u00fcber die Inhalte, Datenschutzrichtlinien oder Praktiken von Websites oder deren Diensten und k\u00f6nnen\u00a0 keine Verantwortung daf\u00fcr \u00fcbernehmen.<\/p>\r\n<h3>Wie lange wir Ihre Daten aufbewahren<\/h3>\r\n<p>Wir werden Ihre Daten nicht l\u00e4nger als n\u00f6tig aufbewahren. Die Dauer der Aufbewahrung h\u00e4ngt von unseren gesetzlichen Verpflichtungen, der Art der Kontakts, den wir mit Ihnen haben, dem Vorhandensein Ihrer Einwilligung oder unseren berechtigten Interessen als Unternehmen ab.<\/p>\r\n<h3>Anfragen<\/h3>\r\n<p>Sofern Sie w\u00e4hrend einer Anfrage keine Einwilligung f\u00fcr eine zuk\u00fcnftige Kontaktaufnahme geben, werden wir Ihre Informationen so lange aufbewahren, wie es erforderlich ist, um Ihre Anfrage zu beantworten und abzuschlie\u00dfen, sowie weitere 12 Monate, bevor wir Ihre Daten l\u00f6schen.<\/p>\r\n<h3>\u00c4nderungen an dieser Datenschutzrichtlinie<\/h3>\r\n<p>Es ist m\u00f6glich, dass wir unsere Datenschutzrichtlinie von Zeit zu Zeit aktualisieren. Daher empfehlen wir Ihnen, diese Seite regelm\u00e4\u00dfig auf \u00c4nderungen zu \u00fcberpr\u00fcfen. Wir werden Sie \u00fcber alle \u00c4nderungen informieren, indem wir die neue Datenschutzrichtlinie auf dieser Seite ver\u00f6ffentlichen. Diese \u00c4nderungen treten in Kraft sobald sie auf dieser Seite ver\u00f6ffentlicht wurden.<\/p>\r\n<h3>Ihre Rechte als betroffene Person<\/h3>\r\n<p>1.\u00a0\u00a0\u00a0\u00a0\u00a0 Recht auf Zugriff auf personenbezogene Daten<\/p>\r\n<p>Gem\u00e4\u00df der DSGVO haben die Betroffenen das Recht, auf die von einem Datenverantwortlichen erhobenen Daten zuzugreifen. Der Datenverantwortliche muss innerhalb von 30 Tagen auf diese Anfrage reagieren.<\/p>\r\n<p>2.\u00a0\u00a0 \u00a0\u00a0\u00a0Recht auf Berichtigung<\/p>\r\n<p>Die betroffenen Personen haben das Recht, \u00c4nderungen ihrer Daten anzufordern, einschlie\u00dflich der Korrektur von Fehlern und der Aktualisierung unvollst\u00e4ndiger Informationen.<\/p>\r\n<p>3.\u00a0\u00a0\u00a0\u00a0\u00a0 Recht auf L\u00f6schung<\/p>\r\n<p>Das Recht auf L\u00f6schung &#8211; auch L\u00f6schungsrecht oder Recht auf Vergessenwerden genannt &#8211; gibt einer betroffenen Person das Recht, jegliche Verarbeitung ihrer Daten zu stoppen und die L\u00f6schung aller ihrer pers\u00f6nlichen Daten anzufordern.<\/p>\r\n<p>4.\u00a0\u00a0\u00a0\u00a0\u00a0 Recht auf Einschr\u00e4nkung der Datenverarbeitung<\/p>\r\n<p>Betroffene Personen k\u00f6nnen unter bestimmten Umst\u00e4nden verlangen, dass die Verarbeitung ihrer pers\u00f6nlichen Daten gestoppt wird.<\/p>\r\n<p>5.\u00a0\u00a0\u00a0\u00a0\u00a0 Auskunftsrecht der betroffenen Person<\/p>\r\n<p>Betroffene Personen m\u00fcssen auf verst\u00e4ndliche Weise \u00fcber die Nutzung ihrer personenbezogenen Daten und \u00fcber die Ma\u00dfnahmen, die sie ergreifen k\u00f6nnen, wenn sie der Meinung sind, dass ihre Rechte beeintr\u00e4chtigt werden, informiert werden. Betroffene Personen m\u00fcssen dar\u00fcber hinaus \u00fcber eine Berichtigung oder L\u00f6schung ihrer personenbezogenen Daten informiert werden.<\/p>\r\n<p>6.\u00a0\u00a0\u00a0\u00a0\u00a0 Recht auf Daten\u00fcbertragbarkeit<\/p>\r\n<p>Eine betroffene Person kann verlangen, dass eine Datei mit ihren pers\u00f6nlichen Daten elektronisch an einen Dritten \u00fcbermittelt werden. Daten m\u00fcssen in einem g\u00e4ngigen, maschinenlesbaren Format bereitgestellt werden, wenn dies technisch m\u00f6glich ist.<\/p>\r\n<p>7.\u00a0\u00a0\u00a0\u00a0\u00a0 Widerspruchsrecht<\/p>\r\n<p>Wird ein Antrag auf Einstellung der Datenverarbeitung von einem Datenverantwortlichen abgelehnt, so hat die betroffene Personn das Recht, Einspruch gegen diese Verweigerung ihres Rechts einzulegen.<\/p>\r\n<p>8.\u00a0\u00a0\u00a0\u00a0\u00a0 Recht auf Ablehnung von automatisierten Entscheidungen im Einzelfall einschlie\u00dflich Profiling<\/p>\r\n<p>Die betroffenen Personen haben das Recht, die automatisierte Verarbeitung ihrer personenbezogenen Daten zu verweigern, wenn diese dazu dienen, Entscheidungen zu treffen, die die betroffene Person erheblich beeintr\u00e4chtigten oder rechtliche Auswirkungen haben &#8211; beispielsweise Profiling.<\/p>\r\n<h3>Widerruf Ihrer Zustimmung<\/h3>\r\n<p>Wenn wir uns auf Ihre Zustimmung als rechtliche Grundlage f\u00fcr die Verarbeitung Ihrer pers\u00f6nlichen Daten verlassen, k\u00f6nnen Sie Ihre Einwilligung jederzeit widerrufen, indem Sie den Anweisungen am Ende dieser Richtlinie folgen uns uns kontaktieren.<\/p>\r\n<p>Wenn Sie Ihre Einwilligung widerrufen oder Einw\u00e4nde gegen den Erhalt von Direktmarketing, dem Sie zuvor per Opt-in zugestimmt haben, erheben m\u00f6chten, k\u00f6nnen Sie dies \u00fcber die Abmelde-Funktion in der entsprechenden Mitteilung tun (falls es sich um eine E-Mail handelt). Oder aber Sie kontaktieren uns schriftlich oder per Telefon \u00fcber die Kontaktdaten am Ende dieser Richtlinie. Wenn Sie Ihre Einwilligung widerrufen, ist unsere Verwendung Ihrer pers\u00f6nlichen Daten vor dem Widerruf weiterhin zul\u00e4ssig.<\/p>\r\n<p>Wenn Sie die Einwilligung zur Weitergabe Ihrer Daten an Dritte gegeben haben und diese Einwilligung widerrufen m\u00f6chten, wenden Sie sich bitte auch an die zust\u00e4ndigen Dritten, um Ihre Pr\u00e4ferenzen zu \u00e4ndern.<\/p>\r\n<h3>Kontaktdaten f\u00fcr AQF Ltd<\/h3>\r\n<p>Wenn Sie Fragen oder Vorschl\u00e4ge zu unseren Datenschutzrichtlinien haben, k\u00f6nnen Sie sich jederzeit an uns wenden. Der f\u00fcr Ihre personenbezogenen Daten im Sinne des geltenden Datenschutzgesetzes der Europ\u00e4ischen Union zust\u00e4ndige Datenverantwortliche ist:<\/p>\r\n<p>AQF Ltd<br \/>Zu H\u00e4nden von: Data Controller<br \/>Mullaghboy Industrial Estate<br \/>Navan,<br \/>Co Meath,<br \/>Irland<br \/>Telefon + 353 46 9028611<br \/>E-Mail:\u00a0<a href=\"mailto:datacontroller@aqf.ie\">datacontroller@aqf.ie<\/a><\/p>\r\n<p>Wenn Sie Fragen zu diesem Datenschutzhinweis oder unseren Datenschutzpraktiken haben, kontaktieren Sie uns bitte unter der oben aufgef\u00fchrten Adresse, Telefonnummer oder E-Mail und geben Sie Ihr Wohnsitzland und die Art Ihrer Frage an.<\/p>\r\n<p>&nbsp;<\/p>\r\n","protected":false},"excerpt":{"rendered":"<p>AQF Ltd betreibt die AQF Medical Website, die diesen DIENST bereitstellt. Diese Seite informiert Website-Besucher \u00fcber unsere Richtlinien bei der Erfassung, Verwendung und Offenlegung personenbezogener Daten bei der Nutzung unseres Dienstes, der AQF Medical Website. Wenn Sie sich f\u00fcr die Nutzung unseres Dienstes entscheiden, stimmen Sie der Erfassung und Verwendung von Informationen mit Bezug auf [&hellip;]<\/p>\n","protected":false},"author":1,"featured_media":0,"parent":0,"menu_order":0,"comment_status":"closed","ping_status":"closed","template":"","meta":[],"acf":[],"yoast_head":"<!-- This site is optimized with the Yoast SEO plugin v19.9 - https:\/\/yoast.com\/wordpress\/plugins\/seo\/ -->\n<title>Datenschutzrichtlinie - AQF Medical Germany<\/title>\n<meta name=\"description\" content=\"Lesen Sie unsere Richtlinien bei der Erfassung, Verwendung und Offenlegung personenbezogener Daten bei der Nutzung der AQF Medical Website.\" \/>\n<meta name=\"robots\" content=\"index, follow, max-snippet:-1, max-image-preview:large, max-video-preview:-1\" \/>\n<link rel=\"canonical\" href=\"https:\/\/www.aqfmedical.com\/de\/datenschutzrichtlinie\/\" \/>\n<meta property=\"og:locale\" content=\"en_US\" \/>\n<meta property=\"og:type\" content=\"article\" \/>\n<meta property=\"og:title\" content=\"Datenschutzrichtlinie - AQF Medical Germany\" \/>\n<meta property=\"og:description\" content=\"Lesen Sie unsere Richtlinien bei der Erfassung, Verwendung und Offenlegung personenbezogener Daten bei der Nutzung der AQF Medical Website.\" \/>\n<meta property=\"og:url\" content=\"https:\/\/www.aqfmedical.com\/de\/datenschutzrichtlinie\/\" \/>\n<meta property=\"og:site_name\" content=\"AQF Medical Germany\" \/>\n<meta property=\"article:modified_time\" content=\"2020-03-09T15:46:02+00:00\" \/>\n<meta name=\"twitter:card\" content=\"summary_large_image\" \/>\n<meta name=\"twitter:label1\" content=\"Est. reading time\" \/>\n\t<meta name=\"twitter:data1\" content=\"6 minutes\" \/>\n<script type=\"application\/ld+json\" class=\"yoast-schema-graph\">{\"@context\":\"https:\/\/schema.org\",\"@graph\":[{\"@type\":\"WebPage\",\"@id\":\"https:\/\/www.aqfmedical.com\/de\/datenschutzrichtlinie\/\",\"url\":\"https:\/\/www.aqfmedical.com\/de\/datenschutzrichtlinie\/\",\"name\":\"Datenschutzrichtlinie - AQF Medical Germany\",\"isPartOf\":{\"@id\":\"https:\/\/www.aqfmedical.com\/de\/#website\"},\"datePublished\":\"2019-08-14T13:54:57+00:00\",\"dateModified\":\"2020-03-09T15:46:02+00:00\",\"description\":\"Lesen Sie unsere Richtlinien bei der Erfassung, Verwendung und Offenlegung personenbezogener Daten bei der Nutzung der AQF Medical Website.\",\"breadcrumb\":{\"@id\":\"https:\/\/www.aqfmedical.com\/de\/datenschutzrichtlinie\/#breadcrumb\"},\"inLanguage\":\"en-US\",\"potentialAction\":[{\"@type\":\"ReadAction\",\"target\":[\"https:\/\/www.aqfmedical.com\/de\/datenschutzrichtlinie\/\"]}]},{\"@type\":\"BreadcrumbList\",\"@id\":\"https:\/\/www.aqfmedical.com\/de\/datenschutzrichtlinie\/#breadcrumb\",\"itemListElement\":[{\"@type\":\"ListItem\",\"position\":1,\"name\":\"Home\",\"item\":\"https:\/\/www.aqfmedical.com\/de\/\"},{\"@type\":\"ListItem\",\"position\":2,\"name\":\"Datenschutzrichtlinie\"}]},{\"@type\":\"WebSite\",\"@id\":\"https:\/\/www.aqfmedical.com\/de\/#website\",\"url\":\"https:\/\/www.aqfmedical.com\/de\/\",\"name\":\"AQF Medical Germany\",\"description\":\"\",\"potentialAction\":[{\"@type\":\"SearchAction\",\"target\":{\"@type\":\"EntryPoint\",\"urlTemplate\":\"https:\/\/www.aqfmedical.com\/de\/?s={search_term_string}\"},\"query-input\":\"required name=search_term_string\"}],\"inLanguage\":\"en-US\"}]}<\/script>\n<!-- \/ Yoast SEO plugin. -->","yoast_head_json":{"title":"Datenschutzrichtlinie - AQF Medical Germany","description":"Lesen Sie unsere Richtlinien bei der Erfassung, Verwendung und Offenlegung personenbezogener Daten bei der Nutzung der AQF Medical Website.","robots":{"index":"index","follow":"follow","max-snippet":"max-snippet:-1","max-image-preview":"max-image-preview:large","max-video-preview":"max-video-preview:-1"},"canonical":"https:\/\/www.aqfmedical.com\/de\/datenschutzrichtlinie\/","og_locale":"en_US","og_type":"article","og_title":"Datenschutzrichtlinie - AQF Medical Germany","og_description":"Lesen Sie unsere Richtlinien bei der Erfassung, Verwendung und Offenlegung personenbezogener Daten bei der Nutzung der AQF Medical Website.","og_url":"https:\/\/www.aqfmedical.com\/de\/datenschutzrichtlinie\/","og_site_name":"AQF Medical Germany","article_modified_time":"2020-03-09T15:46:02+00:00","twitter_card":"summary_large_image","twitter_misc":{"Est. reading time":"6 minutes"},"schema":{"@context":"https:\/\/schema.org","@graph":[{"@type":"WebPage","@id":"https:\/\/www.aqfmedical.com\/de\/datenschutzrichtlinie\/","url":"https:\/\/www.aqfmedical.com\/de\/datenschutzrichtlinie\/","name":"Datenschutzrichtlinie - AQF Medical Germany","isPartOf":{"@id":"https:\/\/www.aqfmedical.com\/de\/#website"},"datePublished":"2019-08-14T13:54:57+00:00","dateModified":"2020-03-09T15:46:02+00:00","description":"Lesen Sie unsere Richtlinien bei der Erfassung, Verwendung und Offenlegung personenbezogener Daten bei der Nutzung der AQF Medical Website.","breadcrumb":{"@id":"https:\/\/www.aqfmedical.com\/de\/datenschutzrichtlinie\/#breadcrumb"},"inLanguage":"en-US","potentialAction":[{"@type":"ReadAction","target":["https:\/\/www.aqfmedical.com\/de\/datenschutzrichtlinie\/"]}]},{"@type":"BreadcrumbList","@id":"https:\/\/www.aqfmedical.com\/de\/datenschutzrichtlinie\/#breadcrumb","itemListElement":[{"@type":"ListItem","position":1,"name":"Home","item":"https:\/\/www.aqfmedical.com\/de\/"},{"@type":"ListItem","position":2,"name":"Datenschutzrichtlinie"}]},{"@type":"WebSite","@id":"https:\/\/www.aqfmedical.com\/de\/#website","url":"https:\/\/www.aqfmedical.com\/de\/","name":"AQF Medical Germany","description":"","potentialAction":[{"@type":"SearchAction","target":{"@type":"EntryPoint","urlTemplate":"https:\/\/www.aqfmedical.com\/de\/?s={search_term_string}"},"query-input":"required name=search_term_string"}],"inLanguage":"en-US"}]}},"_links":{"self":[{"href":"https:\/\/www.aqfmedical.com\/de\/wp-json\/wp\/v2\/pages\/781"}],"collection":[{"href":"https:\/\/www.aqfmedical.com\/de\/wp-json\/wp\/v2\/pages"}],"about":[{"href":"https:\/\/www.aqfmedical.com\/de\/wp-json\/wp\/v2\/types\/page"}],"author":[{"embeddable":true,"href":"https:\/\/www.aqfmedical.com\/de\/wp-json\/wp\/v2\/users\/1"}],"replies":[{"embeddable":true,"href":"https:\/\/www.aqfmedical.com\/de\/wp-json\/wp\/v2\/comments?post=781"}],"version-history":[{"count":5,"href":"https:\/\/www.aqfmedical.com\/de\/wp-json\/wp\/v2\/pages\/781\/revisions"}],"predecessor-version":[{"id":1404,"href":"https:\/\/www.aqfmedical.com\/de\/wp-json\/wp\/v2\/pages\/781\/revisions\/1404"}],"wp:attachment":[{"href":"https:\/\/www.aqfmedical.com\/de\/wp-json\/wp\/v2\/media?parent=781"}],"curies":[{"name":"wp","href":"https:\/\/api.w.org\/{rel}","templated":true}]}}